{"id":2263,"date":"2026-02-28T21:14:03","date_gmt":"2026-02-28T21:14:03","guid":{"rendered":"https:\/\/energiekontor-janssen.de\/?page_id=2263"},"modified":"2026-02-28T21:31:00","modified_gmt":"2026-02-28T21:31:00","slug":"gebaeudedaten-hochladen","status":"publish","type":"page","link":"https:\/\/energiekontor-janssen.de\/?page_id=2263","title":{"rendered":"Geb\u00e4udedaten hochladen"},"content":{"rendered":"\n    \n    <form method=\"post\" enctype=\"multipart\/form-data\"\n        style=\"max-width:500px; background:#ffffff; padding:25px; border-radius:10px; border-top:5px solid #2e7d32; box-shadow:0 5px 15px rgba(0,0,0,0.05);\">\n\n        <input type=\"hidden\" id=\"datenupload_nonce\" name=\"datenupload_nonce\" value=\"2a8e32ab96\" \/><input type=\"hidden\" name=\"_wp_http_referer\" value=\"\/index.php?rest_route=%2Fwp%2Fv2%2Fpages%2F2263\" \/>\n        <h3 style=\"color:#2e7d32;\">Kontaktformular<\/h3>\n\n        <p>\n            <label>Vorname<\/label><br>\n            <input type=\"text\" name=\"vorname\" required style=\"width:100%; padding:10px;\">\n        <\/p>\n\n        <p>\n            <label>Nachname<\/label><br>\n            <input type=\"text\" name=\"nachname\" required style=\"width:100%; padding:10px;\">\n        <\/p>\n\n        <p>\n            <label>E-Mail<\/label><br>\n            <input type=\"email\" name=\"email\" required style=\"width:100%; padding:10px;\">\n        <\/p>\n\n        <p>\n            <label>PDF-Datei (optional, max. 5MB)<\/label><br>\n            <input type=\"file\" name=\"pdf_datei\" accept=\"application\/pdf\">\n        <\/p>\n\n        <!-- Honeypot -->\n        <input type=\"text\" name=\"website\" style=\"display:none;\">\n\n        <p style=\"font-size:14px;\">\n            <input type=\"checkbox\" name=\"dsgvo\" required>\n            Ich stimme der Verarbeitung meiner Daten gem\u00e4\u00df der Datenschutzerkl\u00e4rung zu.\n        <\/p>\n\n        <input type=\"submit\" name=\"datenupload_submit\" value=\"Absenden\"\n            style=\"background:#2e7d32; color:white; padding:12px 25px; border:none; cursor:pointer; border-radius:5px;\">\n\n    <\/form>\n\n    \n\n\n\n<p><\/p>\n","protected":false},"excerpt":{"rendered":"","protected":false},"author":1,"featured_media":0,"parent":0,"menu_order":0,"comment_status":"closed","ping_status":"closed","template":"","meta":{"_uag_custom_page_level_css":"","footnotes":""},"class_list":["post-2263","page","type-page","status-publish","hentry"],"_hostinger_reach_plugin_has_subscription_block":false,"_hostinger_reach_plugin_is_elementor":false,"uagb_featured_image_src":{"full":false,"thumbnail":false,"medium":false,"medium_large":false,"large":false,"1536x1536":false,"2048x2048":false,"woocommerce_thumbnail":false,"woocommerce_single":false,"woocommerce_gallery_thumbnail":false},"uagb_author_info":{"display_name":"dj23769@gmail.com","author_link":"https:\/\/energiekontor-janssen.de\/?author=1"},"uagb_comment_info":0,"uagb_excerpt":null,"_links":{"self":[{"href":"https:\/\/energiekontor-janssen.de\/index.php?rest_route=\/wp\/v2\/pages\/2263","targetHints":{"allow":["GET"]}}],"collection":[{"href":"https:\/\/energiekontor-janssen.de\/index.php?rest_route=\/wp\/v2\/pages"}],"about":[{"href":"https:\/\/energiekontor-janssen.de\/index.php?rest_route=\/wp\/v2\/types\/page"}],"author":[{"embeddable":true,"href":"https:\/\/energiekontor-janssen.de\/index.php?rest_route=\/wp\/v2\/users\/1"}],"replies":[{"embeddable":true,"href":"https:\/\/energiekontor-janssen.de\/index.php?rest_route=%2Fwp%2Fv2%2Fcomments&post=2263"}],"version-history":[{"count":3,"href":"https:\/\/energiekontor-janssen.de\/index.php?rest_route=\/wp\/v2\/pages\/2263\/revisions"}],"predecessor-version":[{"id":2267,"href":"https:\/\/energiekontor-janssen.de\/index.php?rest_route=\/wp\/v2\/pages\/2263\/revisions\/2267"}],"wp:attachment":[{"href":"https:\/\/energiekontor-janssen.de\/index.php?rest_route=%2Fwp%2Fv2%2Fmedia&parent=2263"}],"curies":[{"name":"wp","href":"https:\/\/api.w.org\/{rel}","templated":true}]}}